{"id":2,"date":"2015-09-22T10:46:46","date_gmt":"2015-09-22T10:46:46","guid":{"rendered":"http:\/\/ultramarathon.com.br\/principal\/?page_id=2"},"modified":"2026-02-19T16:02:56","modified_gmt":"2026-02-19T19:02:56","slug":"sample-page","status":"publish","type":"page","link":"https:\/\/ultramarathon.com.br\/principal\/sample-page\/","title":{"rendered":"Sobre"},"content":{"rendered":"<p><a href=\"http:\/\/ultramarathon.com.br\/principal\/wp-content\/uploads\/2015\/09\/corredor.jpg\"><noscript><img decoding=\"async\" class=\"alignnone size-full wp-image-5\" src=\"http:\/\/ultramarathon.com.br\/principal\/wp-content\/uploads\/2015\/09\/corredor.jpg\" alt width=\"209\" height=\"241\"><\/noscript><img decoding=\"async\" class=\"alignnone size-full wp-image-5 lazyload\" src=\"data:image\/svg+xml,%3Csvg%20xmlns%3D%22http%3A%2F%2Fwww.w3.org%2F2000%2Fsvg%22%20viewBox%3D%220%200%20209%20241%22%3E%3C%2Fsvg%3E\" alt width=\"209\" height=\"241\" data-src=\"http:\/\/ultramarathon.com.br\/principal\/wp-content\/uploads\/2015\/09\/corredor.jpg\"><\/a><a href=\"http:\/\/ultramarathon.com.br\/principal\/wp-content\/uploads\/2015\/09\/SsmGnrJI_400x400.jpg\"><noscript><img decoding=\"async\" class=\"alignnone size-full wp-image-78\" src=\"http:\/\/ultramarathon.com.br\/principal\/wp-content\/uploads\/2015\/09\/SsmGnrJI_400x400.jpg\" alt=\"SsmGnrJI_400x400\" width=\"400\" height=\"400\" srcset=\"https:\/\/ultramarathon.com.br\/principal\/wp-content\/uploads\/2015\/09\/SsmGnrJI_400x400.jpg 400w, https:\/\/ultramarathon.com.br\/principal\/wp-content\/uploads\/2015\/09\/SsmGnrJI_400x400-150x150.jpg 150w, https:\/\/ultramarathon.com.br\/principal\/wp-content\/uploads\/2015\/09\/SsmGnrJI_400x400-300x300.jpg 300w, https:\/\/ultramarathon.com.br\/principal\/wp-content\/uploads\/2015\/09\/SsmGnrJI_400x400-90x90.jpg 90w, https:\/\/ultramarathon.com.br\/principal\/wp-content\/uploads\/2015\/09\/SsmGnrJI_400x400-75x75.jpg 75w\" sizes=\"(max-width: 400px) 100vw, 400px\"><\/noscript><img decoding=\"async\" class=\"alignnone size-full wp-image-78 lazyload\" src=\"data:image\/svg+xml,%3Csvg%20xmlns%3D%22http%3A%2F%2Fwww.w3.org%2F2000%2Fsvg%22%20viewBox%3D%220%200%20400%20400%22%3E%3C%2Fsvg%3E\" alt=\"SsmGnrJI_400x400\" width=\"400\" height=\"400\" srcset=\"data:image\/svg+xml,%3Csvg%20xmlns%3D%22http%3A%2F%2Fwww.w3.org%2F2000%2Fsvg%22%20viewBox%3D%220%200%20400%20400%22%3E%3C%2Fsvg%3E 400w\" sizes=\"(max-width: 400px) 100vw, 400px\" data-srcset=\"https:\/\/ultramarathon.com.br\/principal\/wp-content\/uploads\/2015\/09\/SsmGnrJI_400x400.jpg 400w, https:\/\/ultramarathon.com.br\/principal\/wp-content\/uploads\/2015\/09\/SsmGnrJI_400x400-150x150.jpg 150w, https:\/\/ultramarathon.com.br\/principal\/wp-content\/uploads\/2015\/09\/SsmGnrJI_400x400-300x300.jpg 300w, https:\/\/ultramarathon.com.br\/principal\/wp-content\/uploads\/2015\/09\/SsmGnrJI_400x400-90x90.jpg 90w, https:\/\/ultramarathon.com.br\/principal\/wp-content\/uploads\/2015\/09\/SsmGnrJI_400x400-75x75.jpg 75w\" data-src=\"http:\/\/ultramarathon.com.br\/principal\/wp-content\/uploads\/2015\/09\/SsmGnrJI_400x400.jpg\"><\/a><\/p>\n<p><span style=\"color: #000000;\">Contato: &nbsp;Edson de Oliveira Cavalcante<\/span><\/p>\n<p><span style=\"color: #000000;\">Email: edsoncavalcantesp@gmail.com<\/span><\/p>\n<p><span style=\"color: #000000;\">Ultramaratonista &#8211; 56 anos.<\/span><\/p>\n<p><strong>Divulgo links de sites sobre Ultramaratonas , mas n\u00e3o participo da organiza\u00e7\u00e3o de nenhuma ultramaratona. Caso tenha alguma d\u00favida entrar em contato direto com o site da organiza\u00e7\u00e3o da Prova .&nbsp;<\/strong><\/p>\n<p><strong>OBSERVA\u00c7\u00c3O :<\/strong> O ultramarathon.com.br&nbsp; n\u00e3o tem rela\u00e7\u00e3o com nenhum site de Prova ou Site de Inscri\u00e7\u00e3o de Corridas, sendo assim qualquer d\u00favida tratar diretamente com o Site do Organizador da Prova.<\/p>\n<p><strong>COMO AJUDAR NOSSO PORTAL :<\/strong>&nbsp; Temos Link de Afiliados com a AMAZON para realizar suas compras pela internet e tamb\u00e9m com CART\u00c3O NOMAD com c\u00f3digo de convidado PDLGY1F7D9&nbsp; e ganhe at\u00e9 20 d\u00f3lares de cashback.<\/p>\n<h6 dir=\"auto\">Realize suas compras na Amazon : <a href=\"https:\/\/amzn.to\/3zJRQmC\" target=\"_blank\" rel=\"noopener\">https:\/\/amzn.to\/3zJRQmC<\/a><\/h6>\n<h6 dir=\"auto\">Abra agora a sua Conta Digital Global Nomad usando meu c\u00f3digo de convidado *PDLGY1F7D9* e ganhe at\u00e9 US$ 20 de cashback na primeira convers\u00e3o de reais para d\u00f3lares pelo app.<\/h6>\n<h6 dir=\"auto\">Baixe o app pelo link:&nbsp;<a href=\"https:\/\/nomad.onelink.me\/wIQT\/ConviteNomad\" target=\"_blank\" rel=\"noopener\" data-saferedirecturl=\"https:\/\/www.google.com\/url?q=https:\/\/nomad.onelink.me\/wIQT\/ConviteNomad&amp;source=gmail&amp;ust=1680916963082000&amp;usg=AOvVaw2qSOQU01m5jzMMoqV_4OMV\">https:\/\/nomad.onelink.me\/wIQT\/<wbr>ConviteNomad<\/a><\/h6>\n<p><strong>NOTE:<\/strong> ultramarathon.com.br is not related to any Race website or Race Registration Website, so any queries should be addressed directly to the Race Organizer&#8217;s Website.<\/p>\n<p><strong>HOW TO HELP OUR PORTAL :<\/strong> We have an Affiliate Link with AMAZON to make your purchases online and also with a <strong>NOMAD CARD<\/strong> with guest code <strong>PDLGY1F7D9<\/strong> and earn up to 20 dollars in cashback.<\/p>\n<p><strong>Make your purchases on Amazon:<\/strong> <a href=\"https:\/\/amzn.to\/3zJRQmC\" target=\"_blank\" rel=\"noopener\">https:\/\/amzn.to\/3zJRQmC<\/a><\/p>\n<p>Open your <strong>Global Nomad Digital<\/strong> Account now using my guest code <strong>PDLGY1F7D9&nbsp;<\/strong> and earn up to US$ 20 cashback on the first conversion from reais to dollars through the app.<br>\nDownload the app via the link: <a href=\"https:\/\/nomad.onelink.me\/wIQT\/ConviteNomad\" target=\"_blank\" rel=\"noopener\">https:\/\/nomad.onelink.me\/wIQT\/ConviteNomad<\/a><\/p>\n<p>&nbsp;<\/p>\n<p><strong>MINHA PARTICIPA\u00c7\u00c3O EM ULTRAMARATONAS COM MAIS DE 200 KM<\/strong><\/p>\n<p>Conclu\u00edda a BR 135 em 2016&nbsp; -5 Maratonas em 58h54&#8217;00&#8221;<\/p>\n<p><a href=\"http:\/\/ultramarathon.com.br\/principal\/wp-content\/uploads\/2022\/01\/BR135-2016.jpg\"><noscript><img decoding=\"async\" class=\"alignnone size-full wp-image-2728\" src=\"http:\/\/ultramarathon.com.br\/principal\/wp-content\/uploads\/2022\/01\/BR135-2016.jpg\" alt width=\"520\" height=\"515\" srcset=\"https:\/\/ultramarathon.com.br\/principal\/wp-content\/uploads\/2022\/01\/BR135-2016.jpg 520w, https:\/\/ultramarathon.com.br\/principal\/wp-content\/uploads\/2022\/01\/BR135-2016-300x297.jpg 300w, https:\/\/ultramarathon.com.br\/principal\/wp-content\/uploads\/2022\/01\/BR135-2016-150x150.jpg 150w, https:\/\/ultramarathon.com.br\/principal\/wp-content\/uploads\/2022\/01\/BR135-2016-90x90.jpg 90w, https:\/\/ultramarathon.com.br\/principal\/wp-content\/uploads\/2022\/01\/BR135-2016-75x75.jpg 75w\" sizes=\"(max-width: 520px) 100vw, 520px\"><\/noscript><img decoding=\"async\" class=\"alignnone size-full wp-image-2728 lazyload\" src=\"data:image\/svg+xml,%3Csvg%20xmlns%3D%22http%3A%2F%2Fwww.w3.org%2F2000%2Fsvg%22%20viewBox%3D%220%200%20520%20515%22%3E%3C%2Fsvg%3E\" alt width=\"520\" height=\"515\" srcset=\"data:image\/svg+xml,%3Csvg%20xmlns%3D%22http%3A%2F%2Fwww.w3.org%2F2000%2Fsvg%22%20viewBox%3D%220%200%20520%20515%22%3E%3C%2Fsvg%3E 520w\" sizes=\"(max-width: 520px) 100vw, 520px\" data-srcset=\"https:\/\/ultramarathon.com.br\/principal\/wp-content\/uploads\/2022\/01\/BR135-2016.jpg 520w, https:\/\/ultramarathon.com.br\/principal\/wp-content\/uploads\/2022\/01\/BR135-2016-300x297.jpg 300w, https:\/\/ultramarathon.com.br\/principal\/wp-content\/uploads\/2022\/01\/BR135-2016-150x150.jpg 150w, https:\/\/ultramarathon.com.br\/principal\/wp-content\/uploads\/2022\/01\/BR135-2016-90x90.jpg 90w, https:\/\/ultramarathon.com.br\/principal\/wp-content\/uploads\/2022\/01\/BR135-2016-75x75.jpg 75w\" data-src=\"http:\/\/ultramarathon.com.br\/principal\/wp-content\/uploads\/2022\/01\/BR135-2016.jpg\"><\/a><\/p>\n<p>30\u00ba colocado UAI &#8211; 2018 &#8211; Xhard 235KM &#8211; Survivor<\/p>\n<p><a href=\"http:\/\/ultramarathon.com.br\/principal\/wp-content\/uploads\/2022\/01\/UAI-2018-EDSON-O-CAVALCANTE.jpg\"><noscript><img decoding=\"async\" class=\"alignnone size-full wp-image-2730\" src=\"http:\/\/ultramarathon.com.br\/principal\/wp-content\/uploads\/2022\/01\/UAI-2018-EDSON-O-CAVALCANTE.jpg\" alt width=\"1996\" height=\"1884\" srcset=\"https:\/\/ultramarathon.com.br\/principal\/wp-content\/uploads\/2022\/01\/UAI-2018-EDSON-O-CAVALCANTE.jpg 1996w, https:\/\/ultramarathon.com.br\/principal\/wp-content\/uploads\/2022\/01\/UAI-2018-EDSON-O-CAVALCANTE-300x283.jpg 300w, https:\/\/ultramarathon.com.br\/principal\/wp-content\/uploads\/2022\/01\/UAI-2018-EDSON-O-CAVALCANTE-1024x967.jpg 1024w, https:\/\/ultramarathon.com.br\/principal\/wp-content\/uploads\/2022\/01\/UAI-2018-EDSON-O-CAVALCANTE-768x725.jpg 768w, https:\/\/ultramarathon.com.br\/principal\/wp-content\/uploads\/2022\/01\/UAI-2018-EDSON-O-CAVALCANTE-600x566.jpg 600w, https:\/\/ultramarathon.com.br\/principal\/wp-content\/uploads\/2022\/01\/UAI-2018-EDSON-O-CAVALCANTE-1536x1450.jpg 1536w\" sizes=\"(max-width: 1996px) 100vw, 1996px\"><\/noscript><img decoding=\"async\" class=\"alignnone size-full wp-image-2730 lazyload\" src=\"data:image\/svg+xml,%3Csvg%20xmlns%3D%22http%3A%2F%2Fwww.w3.org%2F2000%2Fsvg%22%20viewBox%3D%220%200%201996%201884%22%3E%3C%2Fsvg%3E\" alt width=\"1996\" height=\"1884\" srcset=\"data:image\/svg+xml,%3Csvg%20xmlns%3D%22http%3A%2F%2Fwww.w3.org%2F2000%2Fsvg%22%20viewBox%3D%220%200%201996%201884%22%3E%3C%2Fsvg%3E 1996w\" sizes=\"(max-width: 1996px) 100vw, 1996px\" data-srcset=\"https:\/\/ultramarathon.com.br\/principal\/wp-content\/uploads\/2022\/01\/UAI-2018-EDSON-O-CAVALCANTE.jpg 1996w, https:\/\/ultramarathon.com.br\/principal\/wp-content\/uploads\/2022\/01\/UAI-2018-EDSON-O-CAVALCANTE-300x283.jpg 300w, https:\/\/ultramarathon.com.br\/principal\/wp-content\/uploads\/2022\/01\/UAI-2018-EDSON-O-CAVALCANTE-1024x967.jpg 1024w, https:\/\/ultramarathon.com.br\/principal\/wp-content\/uploads\/2022\/01\/UAI-2018-EDSON-O-CAVALCANTE-768x725.jpg 768w, https:\/\/ultramarathon.com.br\/principal\/wp-content\/uploads\/2022\/01\/UAI-2018-EDSON-O-CAVALCANTE-600x566.jpg 600w, https:\/\/ultramarathon.com.br\/principal\/wp-content\/uploads\/2022\/01\/UAI-2018-EDSON-O-CAVALCANTE-1536x1450.jpg 1536w\" data-src=\"http:\/\/ultramarathon.com.br\/principal\/wp-content\/uploads\/2022\/01\/UAI-2018-EDSON-O-CAVALCANTE.jpg\"><\/a><\/p>\n<p><a href=\"http:\/\/ultramarathon.com.br\/principal\/wp-content\/uploads\/2018\/07\/IMG_20180705_184644134.jpg\"><noscript><img decoding=\"async\" class=\"alignnone wp-image-1486\" src=\"http:\/\/ultramarathon.com.br\/principal\/wp-content\/uploads\/2018\/07\/IMG_20180705_184644134-768x1024.jpg\" alt width=\"438\" height=\"584\" srcset=\"https:\/\/ultramarathon.com.br\/principal\/wp-content\/uploads\/2018\/07\/IMG_20180705_184644134-768x1024.jpg 768w, https:\/\/ultramarathon.com.br\/principal\/wp-content\/uploads\/2018\/07\/IMG_20180705_184644134-225x300.jpg 225w, https:\/\/ultramarathon.com.br\/principal\/wp-content\/uploads\/2018\/07\/IMG_20180705_184644134-600x800.jpg 600w\" sizes=\"(max-width: 438px) 100vw, 438px\"><\/noscript><img decoding=\"async\" class=\"alignnone wp-image-1486 lazyload\" src=\"data:image\/svg+xml,%3Csvg%20xmlns%3D%22http%3A%2F%2Fwww.w3.org%2F2000%2Fsvg%22%20viewBox%3D%220%200%20438%20584%22%3E%3C%2Fsvg%3E\" alt width=\"438\" height=\"584\" srcset=\"data:image\/svg+xml,%3Csvg%20xmlns%3D%22http%3A%2F%2Fwww.w3.org%2F2000%2Fsvg%22%20viewBox%3D%220%200%20438%20584%22%3E%3C%2Fsvg%3E 438w\" sizes=\"(max-width: 438px) 100vw, 438px\" data-srcset=\"https:\/\/ultramarathon.com.br\/principal\/wp-content\/uploads\/2018\/07\/IMG_20180705_184644134-768x1024.jpg 768w, https:\/\/ultramarathon.com.br\/principal\/wp-content\/uploads\/2018\/07\/IMG_20180705_184644134-225x300.jpg 225w, https:\/\/ultramarathon.com.br\/principal\/wp-content\/uploads\/2018\/07\/IMG_20180705_184644134-600x800.jpg 600w\" data-src=\"http:\/\/ultramarathon.com.br\/principal\/wp-content\/uploads\/2018\/07\/IMG_20180705_184644134-768x1024.jpg\"><\/a><\/p>\n<p><span style=\"color: #0000ff;\"><strong>Facebook:<\/strong>&nbsp;<a href=\"https:\/\/www.facebook.com\/edsoncavalcantesp\" target=\"_blank\" rel=\"noopener noreferrer\">https:\/\/www.facebook.com\/edsoncavalcantesp<\/a><\/span><br>\n<span style=\"color: #0000ff;\"><strong>Twitter:<\/strong> <a href=\"https:\/\/twitter.com\/edsoncavalcante\" target=\"_blank\" rel=\"noopener noreferrer\">&nbsp;https:\/\/twitter.com\/edsoncavalcante<\/a><\/span><\/p>\n<p>&nbsp;<\/p>\n<p>&nbsp;<\/p>\n<p>&nbsp;<\/p>\n","protected":false},"excerpt":{"rendered":"<p>Contato: &nbsp;Edson de Oliveira Cavalcante Email: edsoncavalcantesp@gmail.com Ultramaratonista &#8211; 56 anos. Divulgo links de sites sobre Ultramaratonas , mas n\u00e3o participo da organiza\u00e7\u00e3o de nenhuma ultramaratona. Caso tenha alguma d\u00favida entrar em contato direto com o site da organiza\u00e7\u00e3o da Prova .&nbsp; OBSERVA\u00c7\u00c3O : O ultramarathon.com.br&nbsp; n\u00e3o tem rela\u00e7\u00e3o com nenhum site de Prova ou Site de Inscri\u00e7\u00e3o de Corridas,<\/p>\n","protected":false},"author":1,"featured_media":0,"parent":0,"menu_order":0,"comment_status":"closed","ping_status":"open","template":"","meta":{"footnotes":""},"class_list":["post-2","page","type-page","status-publish","hentry"],"yoast_head":"<!-- This site is optimized with the Yoast SEO plugin v20.6 - https:\/\/yoast.com\/wordpress\/plugins\/seo\/ -->\n<title>Sobre - Ultramarathon Guide<\/title>\n<meta name=\"robots\" content=\"index, follow, max-snippet:-1, max-image-preview:large, max-video-preview:-1\" \/>\n<link rel=\"canonical\" href=\"http:\/\/ultramarathon.com.br\/principal\/sample-page\/\" \/>\n<meta property=\"og:locale\" content=\"pt_BR\" \/>\n<meta property=\"og:type\" content=\"article\" \/>\n<meta property=\"og:title\" content=\"Sobre - Ultramarathon Guide\" \/>\n<meta property=\"og:description\" content=\"Contato: &nbsp;Edson de Oliveira Cavalcante Email: edsoncavalcantesp@gmail.com Ultramaratonista &#8211; 56 anos. Divulgo links de sites sobre Ultramaratonas , mas n\u00e3o participo da organiza\u00e7\u00e3o de nenhuma ultramaratona. Caso tenha alguma d\u00favida entrar em contato direto com o site da organiza\u00e7\u00e3o da Prova .&nbsp; OBSERVA\u00c7\u00c3O : O ultramarathon.com.br&nbsp; n\u00e3o tem rela\u00e7\u00e3o com nenhum site de Prova ou Site de Inscri\u00e7\u00e3o de Corridas,\" \/>\n<meta property=\"og:url\" content=\"http:\/\/ultramarathon.com.br\/principal\/sample-page\/\" \/>\n<meta property=\"og:site_name\" content=\"Ultramarathon Guide\" \/>\n<meta property=\"article:publisher\" content=\"http:\/\/edsoncavalcantesp\" \/>\n<meta property=\"article:modified_time\" content=\"2026-02-19T19:02:56+00:00\" \/>\n<meta property=\"og:image\" content=\"http:\/\/ultramarathon.com.br\/principal\/wp-content\/uploads\/2015\/09\/corredor.jpg\" \/>\n<meta name=\"twitter:card\" content=\"summary_large_image\" \/>\n<meta name=\"twitter:site\" content=\"@edsoncavalcante\" \/>\n<meta name=\"twitter:label1\" content=\"Est. tempo de leitura\" \/>\n\t<meta name=\"twitter:data1\" content=\"3 minutos\" \/>\n<script type=\"application\/ld+json\" class=\"yoast-schema-graph\">{\"@context\":\"https:\/\/schema.org\",\"@graph\":[{\"@type\":\"WebPage\",\"@id\":\"http:\/\/ultramarathon.com.br\/principal\/sample-page\/\",\"url\":\"http:\/\/ultramarathon.com.br\/principal\/sample-page\/\",\"name\":\"Sobre - Ultramarathon Guide\",\"isPartOf\":{\"@id\":\"https:\/\/ultramarathon.com.br\/principal\/#website\"},\"datePublished\":\"2015-09-22T10:46:46+00:00\",\"dateModified\":\"2026-02-19T19:02:56+00:00\",\"breadcrumb\":{\"@id\":\"http:\/\/ultramarathon.com.br\/principal\/sample-page\/#breadcrumb\"},\"inLanguage\":\"pt-BR\",\"potentialAction\":[{\"@type\":\"ReadAction\",\"target\":[\"http:\/\/ultramarathon.com.br\/principal\/sample-page\/\"]}]},{\"@type\":\"BreadcrumbList\",\"@id\":\"http:\/\/ultramarathon.com.br\/principal\/sample-page\/#breadcrumb\",\"itemListElement\":[{\"@type\":\"ListItem\",\"position\":1,\"name\":\"In\u00edcio\",\"item\":\"https:\/\/ultramarathon.com.br\/principal\/\"},{\"@type\":\"ListItem\",\"position\":2,\"name\":\"Sobre\"}]},{\"@type\":\"WebSite\",\"@id\":\"https:\/\/ultramarathon.com.br\/principal\/#website\",\"url\":\"https:\/\/ultramarathon.com.br\/principal\/\",\"name\":\"Ultramarathon Guide\",\"description\":\"ultramaratonas\",\"potentialAction\":[{\"@type\":\"SearchAction\",\"target\":{\"@type\":\"EntryPoint\",\"urlTemplate\":\"https:\/\/ultramarathon.com.br\/principal\/?s={search_term_string}\"},\"query-input\":\"required name=search_term_string\"}],\"inLanguage\":\"pt-BR\"}]}<\/script>\n<!-- \/ Yoast SEO plugin. -->","yoast_head_json":{"title":"Sobre - Ultramarathon Guide","robots":{"index":"index","follow":"follow","max-snippet":"max-snippet:-1","max-image-preview":"max-image-preview:large","max-video-preview":"max-video-preview:-1"},"canonical":"http:\/\/ultramarathon.com.br\/principal\/sample-page\/","og_locale":"pt_BR","og_type":"article","og_title":"Sobre - Ultramarathon Guide","og_description":"Contato: &nbsp;Edson de Oliveira Cavalcante Email: edsoncavalcantesp@gmail.com Ultramaratonista &#8211; 56 anos. Divulgo links de sites sobre Ultramaratonas , mas n\u00e3o participo da organiza\u00e7\u00e3o de nenhuma ultramaratona. Caso tenha alguma d\u00favida entrar em contato direto com o site da organiza\u00e7\u00e3o da Prova .&nbsp; OBSERVA\u00c7\u00c3O : O ultramarathon.com.br&nbsp; n\u00e3o tem rela\u00e7\u00e3o com nenhum site de Prova ou Site de Inscri\u00e7\u00e3o de Corridas,","og_url":"http:\/\/ultramarathon.com.br\/principal\/sample-page\/","og_site_name":"Ultramarathon Guide","article_publisher":"http:\/\/edsoncavalcantesp","article_modified_time":"2026-02-19T19:02:56+00:00","og_image":[{"url":"http:\/\/ultramarathon.com.br\/principal\/wp-content\/uploads\/2015\/09\/corredor.jpg"}],"twitter_card":"summary_large_image","twitter_site":"@edsoncavalcante","twitter_misc":{"Est. tempo de leitura":"3 minutos"},"schema":{"@context":"https:\/\/schema.org","@graph":[{"@type":"WebPage","@id":"http:\/\/ultramarathon.com.br\/principal\/sample-page\/","url":"http:\/\/ultramarathon.com.br\/principal\/sample-page\/","name":"Sobre - Ultramarathon Guide","isPartOf":{"@id":"https:\/\/ultramarathon.com.br\/principal\/#website"},"datePublished":"2015-09-22T10:46:46+00:00","dateModified":"2026-02-19T19:02:56+00:00","breadcrumb":{"@id":"http:\/\/ultramarathon.com.br\/principal\/sample-page\/#breadcrumb"},"inLanguage":"pt-BR","potentialAction":[{"@type":"ReadAction","target":["http:\/\/ultramarathon.com.br\/principal\/sample-page\/"]}]},{"@type":"BreadcrumbList","@id":"http:\/\/ultramarathon.com.br\/principal\/sample-page\/#breadcrumb","itemListElement":[{"@type":"ListItem","position":1,"name":"In\u00edcio","item":"https:\/\/ultramarathon.com.br\/principal\/"},{"@type":"ListItem","position":2,"name":"Sobre"}]},{"@type":"WebSite","@id":"https:\/\/ultramarathon.com.br\/principal\/#website","url":"https:\/\/ultramarathon.com.br\/principal\/","name":"Ultramarathon Guide","description":"ultramaratonas","potentialAction":[{"@type":"SearchAction","target":{"@type":"EntryPoint","urlTemplate":"https:\/\/ultramarathon.com.br\/principal\/?s={search_term_string}"},"query-input":"required name=search_term_string"}],"inLanguage":"pt-BR"}]}},"_links":{"self":[{"href":"https:\/\/ultramarathon.com.br\/principal\/wp-json\/wp\/v2\/pages\/2","targetHints":{"allow":["GET"]}}],"collection":[{"href":"https:\/\/ultramarathon.com.br\/principal\/wp-json\/wp\/v2\/pages"}],"about":[{"href":"https:\/\/ultramarathon.com.br\/principal\/wp-json\/wp\/v2\/types\/page"}],"author":[{"embeddable":true,"href":"https:\/\/ultramarathon.com.br\/principal\/wp-json\/wp\/v2\/users\/1"}],"replies":[{"embeddable":true,"href":"https:\/\/ultramarathon.com.br\/principal\/wp-json\/wp\/v2\/comments?post=2"}],"version-history":[{"count":48,"href":"https:\/\/ultramarathon.com.br\/principal\/wp-json\/wp\/v2\/pages\/2\/revisions"}],"predecessor-version":[{"id":3556,"href":"https:\/\/ultramarathon.com.br\/principal\/wp-json\/wp\/v2\/pages\/2\/revisions\/3556"}],"wp:attachment":[{"href":"https:\/\/ultramarathon.com.br\/principal\/wp-json\/wp\/v2\/media?parent=2"}],"curies":[{"name":"wp","href":"https:\/\/api.w.org\/{rel}","templated":true}]}}